{"id":2,"date":"2010-05-12T14:00:24","date_gmt":"2010-05-12T13:00:24","guid":{"rendered":"http:\/\/saladtomatonion.com\/blog\/\/?page_id=2"},"modified":"2012-07-11T11:56:26","modified_gmt":"2012-07-11T09:56:26","slug":"about","status":"publish","type":"page","link":"https:\/\/saladtomatonion.com\/blog\/about\/","title":{"rendered":"C&rsquo;est quoi? C&rsquo;est qui?"},"content":{"rendered":"<h2>\u00c0 propos de l&rsquo;auteur<\/h2>\n<p><img decoding=\"async\" loading=\"lazy\" class=\"alignleft size-full wp-image-19\" style=\"margin-right: 1em; margin-bottom: 0.5em;\" title=\"olivier_avatar\" src=\"http:\/\/saladtomatonion.com\/blog\/wp-content\/uploads\/2010\/05\/olivier_h.jpg\" alt=\"avatar\" width=\"86\" height=\"86\" srcset=\"https:\/\/saladtomatonion.com\/blog\/wp-content\/uploads\/2010\/05\/olivier_h.jpg 178w, https:\/\/saladtomatonion.com\/blog\/wp-content\/uploads\/2010\/05\/olivier_h-150x150.jpg 150w\" sizes=\"(max-width: 86px) 100vw, 86px\" \/>Je suis ing\u00e9nieur Recherche et D\u00e9veloppement logiciel pour un \u00e9diteur de jeux vid\u00e9o, dans une filiale d\u00e9di\u00e9e \u00e0 la production de films et de s\u00e9ries, o\u00f9 je travaille sur les outils de suivi de production et de <a href=\"http:\/\/fr.wikipedia.org\/wiki\/Gestion_des_ressources_num%C3%A9riques\" target=\"_blank\">gestion de ressources num\u00e9riques<\/a>.<\/p>\n<p>J&rsquo;aime d\u00e9velopper, photographier (<a title=\"Gallerie flickr de Olivier H\" href=\"http:\/\/flickr.com\/olivierh\" target=\"_blank\">http:\/\/flickr.com\/olivierh<\/a>), manger de la viande. Je n&rsquo;aime pas d\u00e9m\u00e9nager, oublier la carte m\u00e9moire de mon appareil photo \u00e0 la maison, et ne pas \u00eatre capable de finir mon steak de deux livres.<\/p>\n<h2>Pourquoi ce blog?<\/h2>\n<p>SaladTomatOnion, c&rsquo;est un blog fourre-tout pour parler de plein de choses,  essentiellement de d\u00e9veloppement logiciel, de photo et de sujets  geeko-technophiles. C&rsquo;est une plateforme pour des avis, des expos\u00e9s  \u2013plus ou moins p\u00e9dants\u2013 ou des tout autres choses jet\u00e9es l\u00e0 un peu en vrac.<\/p>\n<p>Pour r\u00e9sumer, c&rsquo;est un peu un point d&rsquo;\u00e9change de mes exp\u00e9riences personnelles dans les domaines mentionn\u00e9s, ce que je sais, ce que j&rsquo;apprends et d\u00e9couvre : \u00e9crire tout \u00e7a me permet aussi de me mettre les id\u00e9es en ordre!<\/p>\n","protected":false},"excerpt":{"rendered":"<p>\u00c0 propos de l&rsquo;auteur Je suis ing\u00e9nieur Recherche et D\u00e9veloppement logiciel pour un \u00e9diteur de jeux vid\u00e9o, dans une filiale d\u00e9di\u00e9e \u00e0 la production de films et de s\u00e9ries, o\u00f9 je travaille sur les&#46;&#46;&#46;<\/p>\n","protected":false},"author":2,"featured_media":0,"parent":0,"menu_order":0,"comment_status":"closed","ping_status":"closed","template":"","meta":{"footnotes":""},"jetpack_sharing_enabled":true,"_links":{"self":[{"href":"https:\/\/saladtomatonion.com\/blog\/wp-json\/wp\/v2\/pages\/2"}],"collection":[{"href":"https:\/\/saladtomatonion.com\/blog\/wp-json\/wp\/v2\/pages"}],"about":[{"href":"https:\/\/saladtomatonion.com\/blog\/wp-json\/wp\/v2\/types\/page"}],"author":[{"embeddable":true,"href":"https:\/\/saladtomatonion.com\/blog\/wp-json\/wp\/v2\/users\/2"}],"replies":[{"embeddable":true,"href":"https:\/\/saladtomatonion.com\/blog\/wp-json\/wp\/v2\/comments?post=2"}],"version-history":[{"count":20,"href":"https:\/\/saladtomatonion.com\/blog\/wp-json\/wp\/v2\/pages\/2\/revisions"}],"predecessor-version":[{"id":6,"href":"https:\/\/saladtomatonion.com\/blog\/wp-json\/wp\/v2\/pages\/2\/revisions\/6"}],"wp:attachment":[{"href":"https:\/\/saladtomatonion.com\/blog\/wp-json\/wp\/v2\/media?parent=2"}],"curies":[{"name":"wp","href":"https:\/\/api.w.org\/{rel}","templated":true}]}}